{"id":556,"date":"2021-06-05T23:02:27","date_gmt":"2021-06-05T21:02:27","guid":{"rendered":"https:\/\/thea-jewelry.com\/?page_id=556"},"modified":"2023-06-22T02:32:03","modified_gmt":"2023-06-22T00:32:03","slug":"love-wall","status":"publish","type":"page","link":"https:\/\/thea.marquedigitale.dev\/en_us\/love-wall\/","title":{"rendered":"Love wall"},"content":{"rendered":"<div data-elementor-type=\"wp-page\" data-elementor-id=\"556\" class=\"elementor elementor-556\">\n\t\t\t\t\t\t<section class=\"elementor-section elementor-top-section elementor-element elementor-element-5068371 elementor-section-boxed elementor-section-height-default elementor-section-height-default\" data-id=\"5068371\" data-element_type=\"section\" data-settings=\"{&quot;jet_parallax_layout_list&quot;:[{&quot;jet_parallax_layout_image&quot;:{&quot;url&quot;:&quot;&quot;,&quot;id&quot;:&quot;&quot;,&quot;size&quot;:&quot;&quot;},&quot;_id&quot;:&quot;aa1af3f&quot;,&quot;jet_parallax_layout_image_tablet&quot;:{&quot;url&quot;:&quot;&quot;,&quot;id&quot;:&quot;&quot;,&quot;size&quot;:&quot;&quot;},&quot;jet_parallax_layout_image_mobile&quot;:{&quot;url&quot;:&quot;&quot;,&quot;id&quot;:&quot;&quot;,&quot;size&quot;:&quot;&quot;},&quot;jet_parallax_layout_speed&quot;:{&quot;unit&quot;:&quot;%&quot;,&quot;size&quot;:50,&quot;sizes&quot;:[]},&quot;jet_parallax_layout_type&quot;:&quot;scroll&quot;,&quot;jet_parallax_layout_direction&quot;:null,&quot;jet_parallax_layout_fx_direction&quot;:null,&quot;jet_parallax_layout_z_index&quot;:&quot;&quot;,&quot;jet_parallax_layout_bg_x&quot;:50,&quot;jet_parallax_layout_bg_x_tablet&quot;:&quot;&quot;,&quot;jet_parallax_layout_bg_x_mobile&quot;:&quot;&quot;,&quot;jet_parallax_layout_bg_y&quot;:50,&quot;jet_parallax_layout_bg_y_tablet&quot;:&quot;&quot;,&quot;jet_parallax_layout_bg_y_mobile&quot;:&quot;&quot;,&quot;jet_parallax_layout_bg_size&quot;:&quot;auto&quot;,&quot;jet_parallax_layout_bg_size_tablet&quot;:&quot;&quot;,&quot;jet_parallax_layout_bg_size_mobile&quot;:&quot;&quot;,&quot;jet_parallax_layout_animation_prop&quot;:&quot;transform&quot;,&quot;jet_parallax_layout_on&quot;:[&quot;desktop&quot;,&quot;tablet&quot;]}],&quot;background_background&quot;:&quot;classic&quot;}\">\n\t\t\t\t\t\t<div class=\"elementor-container elementor-column-gap-default\">\n\t\t\t\t\t<div class=\"elementor-column elementor-col-100 elementor-top-column elementor-element elementor-element-968543b\" data-id=\"968543b\" data-element_type=\"column\" data-settings=\"{&quot;background_background&quot;:&quot;classic&quot;}\">\n\t\t\t<div class=\"elementor-widget-wrap elementor-element-populated\">\n\t\t\t\t\t\t<div class=\"elementor-element elementor-element-191fd5b elementor-widget elementor-widget-heading\" data-id=\"191fd5b\" data-element_type=\"widget\" data-widget_type=\"heading.default\">\n\t\t\t\t<div class=\"elementor-widget-container\">\n\t\t\t<style>\/*! elementor - v3.22.0 - 17-06-2024 *\/\n.elementor-heading-title{padding:0;margin:0;line-height:1}.elementor-widget-heading .elementor-heading-title[class*=elementor-size-]>a{color:inherit;font-size:inherit;line-height:inherit}.elementor-widget-heading .elementor-heading-title.elementor-size-small{font-size:15px}.elementor-widget-heading .elementor-heading-title.elementor-size-medium{font-size:19px}.elementor-widget-heading .elementor-heading-title.elementor-size-large{font-size:29px}.elementor-widget-heading .elementor-heading-title.elementor-size-xl{font-size:39px}.elementor-widget-heading .elementor-heading-title.elementor-size-xxl{font-size:59px}<\/style><h2 class=\"elementor-heading-title elementor-size-default\">#LOVE WALL<\/h2>\t\t<\/div>\n\t\t\t\t<\/div>\n\t\t\t\t<div class=\"elementor-element elementor-element-9f54311 elementor-widget elementor-widget-image\" data-id=\"9f54311\" data-element_type=\"widget\" data-widget_type=\"image.default\">\n\t\t\t\t<div class=\"elementor-widget-container\">\n\t\t\t<style>\/*! elementor - v3.22.0 - 17-06-2024 *\/\n.elementor-widget-image{text-align:center}.elementor-widget-image a{display:inline-block}.elementor-widget-image a img[src$=\".svg\"]{width:48px}.elementor-widget-image img{vertical-align:middle;display:inline-block}<\/style>\t\t\t\t\t\t\t\t\t\t<img fetchpriority=\"high\" decoding=\"async\" width=\"525\" height=\"185\" src=\"https:\/\/thea.marquedigitale.dev\/wp-content\/uploads\/2021\/05\/icone_highlight_blue.png\" class=\"attachment-large size-large wp-image-63\" alt=\"\" srcset=\"https:\/\/thea.marquedigitale.dev\/wp-content\/uploads\/2021\/05\/icone_highlight_blue.png 525w, https:\/\/thea.marquedigitale.dev\/wp-content\/uploads\/2021\/05\/icone_highlight_blue-300x106.png 300w\" sizes=\"(max-width: 525px) 100vw, 525px\" \/>\t\t\t\t\t\t\t\t\t\t\t\t\t<\/div>\n\t\t\t\t<\/div>\n\t\t\t\t\t<\/div>\n\t\t<\/div>\n\t\t\t\t\t<\/div>\n\t\t<\/section>\n\t\t\t\t<section class=\"elementor-section elementor-top-section elementor-element elementor-element-b840ba8 elementor-section-boxed elementor-section-height-default elementor-section-height-default\" data-id=\"b840ba8\" data-element_type=\"section\" data-settings=\"{&quot;jet_parallax_layout_list&quot;:[{&quot;jet_parallax_layout_image&quot;:{&quot;url&quot;:&quot;&quot;,&quot;id&quot;:&quot;&quot;,&quot;size&quot;:&quot;&quot;},&quot;_id&quot;:&quot;aa1af3f&quot;,&quot;jet_parallax_layout_image_tablet&quot;:{&quot;url&quot;:&quot;&quot;,&quot;id&quot;:&quot;&quot;,&quot;size&quot;:&quot;&quot;},&quot;jet_parallax_layout_image_mobile&quot;:{&quot;url&quot;:&quot;&quot;,&quot;id&quot;:&quot;&quot;,&quot;size&quot;:&quot;&quot;},&quot;jet_parallax_layout_speed&quot;:{&quot;unit&quot;:&quot;%&quot;,&quot;size&quot;:50,&quot;sizes&quot;:[]},&quot;jet_parallax_layout_type&quot;:&quot;scroll&quot;,&quot;jet_parallax_layout_direction&quot;:null,&quot;jet_parallax_layout_fx_direction&quot;:null,&quot;jet_parallax_layout_z_index&quot;:&quot;&quot;,&quot;jet_parallax_layout_bg_x&quot;:50,&quot;jet_parallax_layout_bg_x_tablet&quot;:&quot;&quot;,&quot;jet_parallax_layout_bg_x_mobile&quot;:&quot;&quot;,&quot;jet_parallax_layout_bg_y&quot;:50,&quot;jet_parallax_layout_bg_y_tablet&quot;:&quot;&quot;,&quot;jet_parallax_layout_bg_y_mobile&quot;:&quot;&quot;,&quot;jet_parallax_layout_bg_size&quot;:&quot;auto&quot;,&quot;jet_parallax_layout_bg_size_tablet&quot;:&quot;&quot;,&quot;jet_parallax_layout_bg_size_mobile&quot;:&quot;&quot;,&quot;jet_parallax_layout_animation_prop&quot;:&quot;transform&quot;,&quot;jet_parallax_layout_on&quot;:[&quot;desktop&quot;,&quot;tablet&quot;]}],&quot;background_background&quot;:&quot;classic&quot;}\">\n\t\t\t\t\t\t<div class=\"elementor-container elementor-column-gap-default\">\n\t\t\t\t\t<div class=\"elementor-column elementor-col-100 elementor-top-column elementor-element elementor-element-dec0ac0\" data-id=\"dec0ac0\" data-element_type=\"column\" data-settings=\"{&quot;background_background&quot;:&quot;classic&quot;}\">\n\t\t\t<div class=\"elementor-widget-wrap elementor-element-populated\">\n\t\t\t\t\t\t<div class=\"elementor-element elementor-element-dd3e339 elementor-widget elementor-widget-text-editor\" data-id=\"dd3e339\" data-element_type=\"widget\" data-widget_type=\"text-editor.default\">\n\t\t\t\t<div class=\"elementor-widget-container\">\n\t\t\t<style>\/*! elementor - v3.22.0 - 17-06-2024 *\/\n.elementor-widget-text-editor.elementor-drop-cap-view-stacked .elementor-drop-cap{background-color:#69727d;color:#fff}.elementor-widget-text-editor.elementor-drop-cap-view-framed .elementor-drop-cap{color:#69727d;border:3px solid;background-color:transparent}.elementor-widget-text-editor:not(.elementor-drop-cap-view-default) .elementor-drop-cap{margin-top:8px}.elementor-widget-text-editor:not(.elementor-drop-cap-view-default) .elementor-drop-cap-letter{width:1em;height:1em}.elementor-widget-text-editor .elementor-drop-cap{float:left;text-align:center;line-height:1;font-size:50px}.elementor-widget-text-editor .elementor-drop-cap-letter{display:inline-block}<\/style>\t\t\t\t<p><strong>Cindy<\/strong> These jewels have been hanging on me ever since they were given to me. I love what you do so much. And my daughter is named after your brand because of you! I had come across this writing on IG and had a flash. So that means even more &lt;3.<\/p>\t\t\t\t\t\t<\/div>\n\t\t\t\t<\/div>\n\t\t\t\t<div class=\"elementor-element elementor-element-ecfc819 elementor-view-default elementor-widget elementor-widget-icon\" data-id=\"ecfc819\" data-element_type=\"widget\" data-widget_type=\"icon.default\">\n\t\t\t\t<div class=\"elementor-widget-container\">\n\t\t\t\t\t<div class=\"elementor-icon-wrapper\">\n\t\t\t<div class=\"elementor-icon\">\n\t\t\t<svg xmlns=\"http:\/\/www.w3.org\/2000\/svg\" height=\"100px\" width=\"100px\" fill=\"#ee443a\" data-name=\"Layer 1\" viewbox=\"0 0 512 512\" x=\"0px\" y=\"0px\"><title>like<\/title><g><path d=\"M256,490.6l-35.7-35.7C87.7,337.6,1,258.55,1,161.65,1,82.6,62.2,21.4,141.25,21.4c43.35,0,86.7,20.4,114.75,53.55C284,41.8,327.4,21.4,370.75,21.4,449.8,21.4,511,82.6,511,161.65c0,96.9-86.7,175.95-219.3,293.25Z\"><\/path><\/g><\/svg>\t\t\t<\/div>\n\t\t<\/div>\n\t\t\t\t<\/div>\n\t\t\t\t<\/div>\n\t\t\t\t<div data-dce-advanced-background-color=\"#EBEBEB\" class=\"elementor-element elementor-element-ff6cbea elementor-widget elementor-widget-text-editor\" data-id=\"ff6cbea\" data-element_type=\"widget\" data-widget_type=\"text-editor.default\">\n\t\t\t\t<div class=\"elementor-widget-container\">\n\t\t\t\t\t\t\t<p><strong>Charlotte <\/strong>Thank you sincerely, your jewels are very beautiful and full of history, full of soul, I love it!<\/p>\t\t\t\t\t\t<\/div>\n\t\t\t\t<\/div>\n\t\t\t\t<div data-dce-advanced-background-color=\"#EBEBEB\" class=\"elementor-element elementor-element-35a3dd7 elementor-widget elementor-widget-text-editor\" data-id=\"35a3dd7\" data-element_type=\"widget\" data-widget_type=\"text-editor.default\">\n\t\t\t\t<div class=\"elementor-widget-container\">\n\t\t\t\t\t\t\t<p><strong>Audrey<\/strong> A for Audrey (my first name), G for Gillen (my partner's first name), and the little L in the middle for Luka, our bonding son. I'd seen photos on your site with the \"&amp;\" symbol between the 2 letters of the spouses. The L replaces this symbol. It was my son's birth gift. I'm currently waiting for the second one, so we'll have to think about the next piece of jewelry.\u00a0<\/p>\t\t\t\t\t\t<\/div>\n\t\t\t\t<\/div>\n\t\t\t\t<div class=\"elementor-element elementor-element-e9df243 elementor-view-default elementor-widget elementor-widget-icon\" data-id=\"e9df243\" data-element_type=\"widget\" data-widget_type=\"icon.default\">\n\t\t\t\t<div class=\"elementor-widget-container\">\n\t\t\t\t\t<div class=\"elementor-icon-wrapper\">\n\t\t\t<div class=\"elementor-icon\">\n\t\t\t<svg xmlns=\"http:\/\/www.w3.org\/2000\/svg\" height=\"100px\" width=\"100px\" fill=\"#ee443a\" data-name=\"Layer 1\" viewbox=\"0 0 512 512\" x=\"0px\" y=\"0px\"><title>like<\/title><g><path d=\"M256,490.6l-35.7-35.7C87.7,337.6,1,258.55,1,161.65,1,82.6,62.2,21.4,141.25,21.4c43.35,0,86.7,20.4,114.75,53.55C284,41.8,327.4,21.4,370.75,21.4,449.8,21.4,511,82.6,511,161.65c0,96.9-86.7,175.95-219.3,293.25Z\"><\/path><\/g><\/svg>\t\t\t<\/div>\n\t\t<\/div>\n\t\t\t\t<\/div>\n\t\t\t\t<\/div>\n\t\t\t\t<div class=\"elementor-element elementor-element-db5f0bd elementor-widget elementor-widget-text-editor\" data-id=\"db5f0bd\" data-element_type=\"widget\" data-widget_type=\"text-editor.default\">\n\t\t\t\t<div class=\"elementor-widget-container\">\n\t\t\t\t\t\t\t<p><strong>Caro<\/strong> Good evening, I received my necklace this morning. It's... wow! Thank you so much for putting the names of my loves on my skin. My 3 girls &lt;3. It was my first, but it won&#039;t be my last order!\u00a0<\/p>\t\t\t\t\t\t<\/div>\n\t\t\t\t<\/div>\n\t\t\t\t<div class=\"elementor-element elementor-element-357cf2b elementor-view-default elementor-widget elementor-widget-icon\" data-id=\"357cf2b\" data-element_type=\"widget\" data-widget_type=\"icon.default\">\n\t\t\t\t<div class=\"elementor-widget-container\">\n\t\t\t\t\t<div class=\"elementor-icon-wrapper\">\n\t\t\t<div class=\"elementor-icon\">\n\t\t\t<svg xmlns=\"http:\/\/www.w3.org\/2000\/svg\" xmlns:xlink=\"http:\/\/www.w3.org\/1999\/xlink\" height=\"100px\" width=\"100px\" fill=\"#000000\" x=\"0px\" y=\"0px\" viewbox=\"0 0 96 96\" xml:space=\"preserve\"><path d=\"M29.436,33.932H7.468c-3.868,0-7.016,3.144-7.016,7.012V82.92c0,3.868,3.148,7.012,7.016,7.012h21.968  c3.868,0,7.016-3.144,7.016-7.012V40.944C36.452,37.08,33.304,33.932,29.436,33.932z\"><\/path><path d=\"M95.548,44.144c0-6.352-8.524-10.212-12.264-10.212H66.428c2.86-12.46-0.596-19.572-3.027-22.788  c-2.408-3.18-5.729-5.08-8.885-5.08c-2.451,0-4.563,1.156-5.771,3.184c-0.184,0.308-0.284,0.668-0.284,1.028V21.02  c-2.42,6.984-4.784,12.444-8,16.58v47.916c0.756,0.252,1.484,0.424,2.08,0.424h36.908c1.735,0,3.424-0.903,4.915-2.596  c2.064-2.367,3.445-6.016,3.496-9.008c2.992-2.248,4.416-6.352,4.152-12c3.221-3.344,3.021-8.092,1.973-11.023  C95.3,49.432,95.548,46.244,95.548,44.144z\"><\/path><\/svg>\t\t\t<\/div>\n\t\t<\/div>\n\t\t\t\t<\/div>\n\t\t\t\t<\/div>\n\t\t\t\t<div class=\"elementor-element elementor-element-642e979 elementor-widget elementor-widget-text-editor\" data-id=\"642e979\" data-element_type=\"widget\" data-widget_type=\"text-editor.default\">\n\t\t\t\t<div class=\"elementor-widget-container\">\n\t\t\t\t\t\t\t<strong>Nat <\/strong>Hello and best wishes! I've just discovered you and seen your latest <a style=\"text-decoration:none\" href=\"http:\/\/www.naturestears.com\/real\/watches.html\"><font color=\"#000000\">best replica watch site<\/font><\/a> and I find this story and your work so beautiful! I can't wait to be able to give myself and one of your jewels! Truly magnificent work.\t\t\t\t\t\t<\/div>\n\t\t\t\t<\/div>\n\t\t\t\t<div class=\"elementor-element elementor-element-b65271a elementor-view-default elementor-widget elementor-widget-icon\" data-id=\"b65271a\" data-element_type=\"widget\" data-widget_type=\"icon.default\">\n\t\t\t\t<div class=\"elementor-widget-container\">\n\t\t\t\t\t<div class=\"elementor-icon-wrapper\">\n\t\t\t<div class=\"elementor-icon\">\n\t\t\t<svg xmlns=\"http:\/\/www.w3.org\/2000\/svg\" height=\"100px\" width=\"100px\" fill=\"#ee443a\" data-name=\"Layer 1\" viewbox=\"0 0 512 512\" x=\"0px\" y=\"0px\"><title>like<\/title><g><path d=\"M256,490.6l-35.7-35.7C87.7,337.6,1,258.55,1,161.65,1,82.6,62.2,21.4,141.25,21.4c43.35,0,86.7,20.4,114.75,53.55C284,41.8,327.4,21.4,370.75,21.4,449.8,21.4,511,82.6,511,161.65c0,96.9-86.7,175.95-219.3,293.25Z\"><\/path><\/g><\/svg>\t\t\t<\/div>\n\t\t<\/div>\n\t\t\t\t<\/div>\n\t\t\t\t<\/div>\n\t\t\t\t<div data-dce-advanced-background-color=\"#EBEBEB\" class=\"elementor-element elementor-element-025a2d1 elementor-widget elementor-widget-text-editor\" data-id=\"025a2d1\" data-element_type=\"widget\" data-widget_type=\"text-editor.default\">\n\t\t\t\t<div class=\"elementor-widget-container\">\n\t\t\t\t\t\t\t<p><strong>Emilie <\/strong>My Christmas present has finally arrived &lt;3 It&#039;s so beautiful! All my girlfriends want one now! Thank you Thea Jewelry.<\/p>\t\t\t\t\t\t<\/div>\n\t\t\t\t<\/div>\n\t\t\t\t<div class=\"elementor-element elementor-element-3010c61 elementor-view-default elementor-widget elementor-widget-icon\" data-id=\"3010c61\" data-element_type=\"widget\" data-widget_type=\"icon.default\">\n\t\t\t\t<div class=\"elementor-widget-container\">\n\t\t\t\t\t<div class=\"elementor-icon-wrapper\">\n\t\t\t<div class=\"elementor-icon\">\n\t\t\t<svg xmlns=\"http:\/\/www.w3.org\/2000\/svg\" xmlns:xlink=\"http:\/\/www.w3.org\/1999\/xlink\" height=\"100px\" width=\"100px\" fill=\"#000000\" x=\"0px\" y=\"0px\" viewbox=\"0 0 96 96\" xml:space=\"preserve\"><path d=\"M29.436,33.932H7.468c-3.868,0-7.016,3.144-7.016,7.012V82.92c0,3.868,3.148,7.012,7.016,7.012h21.968  c3.868,0,7.016-3.144,7.016-7.012V40.944C36.452,37.08,33.304,33.932,29.436,33.932z\"><\/path><path d=\"M95.548,44.144c0-6.352-8.524-10.212-12.264-10.212H66.428c2.86-12.46-0.596-19.572-3.027-22.788  c-2.408-3.18-5.729-5.08-8.885-5.08c-2.451,0-4.563,1.156-5.771,3.184c-0.184,0.308-0.284,0.668-0.284,1.028V21.02  c-2.42,6.984-4.784,12.444-8,16.58v47.916c0.756,0.252,1.484,0.424,2.08,0.424h36.908c1.735,0,3.424-0.903,4.915-2.596  c2.064-2.367,3.445-6.016,3.496-9.008c2.992-2.248,4.416-6.352,4.152-12c3.221-3.344,3.021-8.092,1.973-11.023  C95.3,49.432,95.548,46.244,95.548,44.144z\"><\/path><\/svg>\t\t\t<\/div>\n\t\t<\/div>\n\t\t\t\t<\/div>\n\t\t\t\t<\/div>\n\t\t\t\t<div class=\"elementor-element elementor-element-926dad5 elementor-widget elementor-widget-image\" data-id=\"926dad5\" data-element_type=\"widget\" data-widget_type=\"image.default\">\n\t\t\t\t<div class=\"elementor-widget-container\">\n\t\t\t\t\t\t\t\t\t\t\t\t\t<img decoding=\"async\" width=\"800\" height=\"534\" src=\"https:\/\/thea.marquedigitale.dev\/wp-content\/uploads\/2023\/01\/2L5A8866-1024x683.jpg\" class=\"attachment-large size-large wp-image-16380\" alt=\"\" srcset=\"https:\/\/thea.marquedigitale.dev\/wp-content\/uploads\/2023\/01\/2L5A8866-1024x683.jpg 1024w, https:\/\/thea.marquedigitale.dev\/wp-content\/uploads\/2023\/01\/2L5A8866-300x200.jpg 300w, https:\/\/thea.marquedigitale.dev\/wp-content\/uploads\/2023\/01\/2L5A8866-768x512.jpg 768w, https:\/\/thea.marquedigitale.dev\/wp-content\/uploads\/2023\/01\/2L5A8866-1536x1024.jpg 1536w, https:\/\/thea.marquedigitale.dev\/wp-content\/uploads\/2023\/01\/2L5A8866-2048x1365.jpg 2048w, https:\/\/thea.marquedigitale.dev\/wp-content\/uploads\/2023\/01\/2L5A8866-600x400.jpg 600w\" sizes=\"(max-width: 800px) 100vw, 800px\" \/>\t\t\t\t\t\t\t\t\t\t\t\t\t<\/div>\n\t\t\t\t<\/div>\n\t\t\t\t<div class=\"elementor-element elementor-element-12a8a3a elementor-widget elementor-widget-text-editor\" data-id=\"12a8a3a\" data-element_type=\"widget\" data-widget_type=\"text-editor.default\">\n\t\t\t\t<div class=\"elementor-widget-container\">\n\t\t\t\t\t\t\t<p><strong>Val\u00e9rie <\/strong>L\u00e9o, my only son, my (big) baby! My ring is always with me, it's one of a kind.\u00a0<\/p>\t\t\t\t\t\t<\/div>\n\t\t\t\t<\/div>\n\t\t\t\t<div class=\"elementor-element elementor-element-763f450 elementor-view-default elementor-widget elementor-widget-icon\" data-id=\"763f450\" data-element_type=\"widget\" data-widget_type=\"icon.default\">\n\t\t\t\t<div class=\"elementor-widget-container\">\n\t\t\t\t\t<div class=\"elementor-icon-wrapper\">\n\t\t\t<div class=\"elementor-icon\">\n\t\t\t<svg xmlns=\"http:\/\/www.w3.org\/2000\/svg\" height=\"100px\" width=\"100px\" fill=\"#ee443a\" data-name=\"Layer 1\" viewbox=\"0 0 512 512\" x=\"0px\" y=\"0px\"><title>like<\/title><g><path d=\"M256,490.6l-35.7-35.7C87.7,337.6,1,258.55,1,161.65,1,82.6,62.2,21.4,141.25,21.4c43.35,0,86.7,20.4,114.75,53.55C284,41.8,327.4,21.4,370.75,21.4,449.8,21.4,511,82.6,511,161.65c0,96.9-86.7,175.95-219.3,293.25Z\"><\/path><\/g><\/svg>\t\t\t<\/div>\n\t\t<\/div>\n\t\t\t\t<\/div>\n\t\t\t\t<\/div>\n\t\t\t\t<div data-dce-background-color=\"#282738\" class=\"elementor-element elementor-element-6816390 elementor-align-center elementor-widget elementor-widget-button\" data-id=\"6816390\" data-element_type=\"widget\" data-widget_type=\"button.default\">\n\t\t\t\t<div class=\"elementor-widget-container\">\n\t\t\t\t\t<div class=\"elementor-button-wrapper\">\n\t\t\t<a class=\"elementor-button elementor-button-link elementor-size-sm\" href=\"https:\/\/thea.marquedigitale.dev\/en_us\/fr\/produits\/\">\n\t\t\t\t\t\t<span class=\"elementor-button-content-wrapper\">\n\t\t\t\t\t\t\t\t\t<span class=\"elementor-button-text\">Creating other stories<\/span>\n\t\t\t\t\t<\/span>\n\t\t\t\t\t<\/a>\n\t\t<\/div>\n\t\t\t\t<\/div>\n\t\t\t\t<\/div>\n\t\t\t\t\t<\/div>\n\t\t<\/div>\n\t\t\t\t\t<\/div>\n\t\t<\/section>\n\t\t\t\t<section class=\"elementor-section elementor-top-section elementor-element elementor-element-2cc93da elementor-section-boxed elementor-section-height-default elementor-section-height-default\" data-id=\"2cc93da\" data-element_type=\"section\" data-settings=\"{&quot;jet_parallax_layout_list&quot;:[{&quot;jet_parallax_layout_image&quot;:{&quot;url&quot;:&quot;&quot;,&quot;id&quot;:&quot;&quot;,&quot;size&quot;:&quot;&quot;},&quot;_id&quot;:&quot;6adc47e&quot;,&quot;jet_parallax_layout_image_tablet&quot;:{&quot;url&quot;:&quot;&quot;,&quot;id&quot;:&quot;&quot;,&quot;size&quot;:&quot;&quot;},&quot;jet_parallax_layout_image_mobile&quot;:{&quot;url&quot;:&quot;&quot;,&quot;id&quot;:&quot;&quot;,&quot;size&quot;:&quot;&quot;},&quot;jet_parallax_layout_speed&quot;:{&quot;unit&quot;:&quot;%&quot;,&quot;size&quot;:50,&quot;sizes&quot;:[]},&quot;jet_parallax_layout_type&quot;:&quot;scroll&quot;,&quot;jet_parallax_layout_direction&quot;:null,&quot;jet_parallax_layout_fx_direction&quot;:null,&quot;jet_parallax_layout_z_index&quot;:&quot;&quot;,&quot;jet_parallax_layout_bg_x&quot;:50,&quot;jet_parallax_layout_bg_x_tablet&quot;:&quot;&quot;,&quot;jet_parallax_layout_bg_x_mobile&quot;:&quot;&quot;,&quot;jet_parallax_layout_bg_y&quot;:50,&quot;jet_parallax_layout_bg_y_tablet&quot;:&quot;&quot;,&quot;jet_parallax_layout_bg_y_mobile&quot;:&quot;&quot;,&quot;jet_parallax_layout_bg_size&quot;:&quot;auto&quot;,&quot;jet_parallax_layout_bg_size_tablet&quot;:&quot;&quot;,&quot;jet_parallax_layout_bg_size_mobile&quot;:&quot;&quot;,&quot;jet_parallax_layout_animation_prop&quot;:&quot;transform&quot;,&quot;jet_parallax_layout_on&quot;:[&quot;desktop&quot;,&quot;tablet&quot;]}]}\">\n\t\t\t\t\t\t<div class=\"elementor-container elementor-column-gap-default\">\n\t\t\t\t\t<div class=\"elementor-column elementor-col-100 elementor-top-column elementor-element elementor-element-da5fc73\" data-id=\"da5fc73\" data-element_type=\"column\">\n\t\t\t<div class=\"elementor-widget-wrap elementor-element-populated\">\n\t\t\t\t\t\t<div class=\"elementor-element elementor-element-29b875b elementor-widget elementor-widget-image\" data-id=\"29b875b\" data-element_type=\"widget\" data-widget_type=\"image.default\">\n\t\t\t\t<div class=\"elementor-widget-container\">\n\t\t\t\t\t\t\t\t\t\t\t\t\t<img decoding=\"async\" width=\"800\" height=\"800\" src=\"https:\/\/thea.marquedigitale.dev\/wp-content\/uploads\/2021\/05\/logo_podcast_stonestories-1024x1024.jpg\" class=\"attachment-large size-large wp-image-467\" alt=\"Podcast Stones&amp;Stories logo\" srcset=\"https:\/\/thea.marquedigitale.dev\/wp-content\/uploads\/2021\/05\/logo_podcast_stonestories-1024x1024.jpg 1024w, https:\/\/thea.marquedigitale.dev\/wp-content\/uploads\/2021\/05\/logo_podcast_stonestories-300x300.jpg 300w, https:\/\/thea.marquedigitale.dev\/wp-content\/uploads\/2021\/05\/logo_podcast_stonestories-150x150.jpg 150w, https:\/\/thea.marquedigitale.dev\/wp-content\/uploads\/2021\/05\/logo_podcast_stonestories-768x768.jpg 768w, https:\/\/thea.marquedigitale.dev\/wp-content\/uploads\/2021\/05\/logo_podcast_stonestories-1536x1536.jpg 1536w, https:\/\/thea.marquedigitale.dev\/wp-content\/uploads\/2021\/05\/logo_podcast_stonestories-600x600.jpg 600w, https:\/\/thea.marquedigitale.dev\/wp-content\/uploads\/2021\/05\/logo_podcast_stonestories-100x100.jpg 100w, https:\/\/thea.marquedigitale.dev\/wp-content\/uploads\/2021\/05\/logo_podcast_stonestories.jpg 2000w\" sizes=\"(max-width: 800px) 100vw, 800px\" \/>\t\t\t\t\t\t\t\t\t\t\t\t\t<\/div>\n\t\t\t\t<\/div>\n\t\t\t\t<div class=\"elementor-element elementor-element-35e36d8 elementor-align-center elementor-widget elementor-widget-button\" data-id=\"35e36d8\" data-element_type=\"widget\" data-widget_type=\"button.default\">\n\t\t\t\t<div class=\"elementor-widget-container\">\n\t\t\t\t\t<div class=\"elementor-button-wrapper\">\n\t\t\t<a class=\"elementor-button elementor-button-link elementor-size-sm\" href=\"https:\/\/podcast.ausha.co\/stories-and-stones-by-thea-jewelry\/\" target=\"_blank\">\n\t\t\t\t\t\t<span class=\"elementor-button-content-wrapper\">\n\t\t\t\t\t\t\t\t\t<span class=\"elementor-button-text\">Listen to the podcast<\/span>\n\t\t\t\t\t<\/span>\n\t\t\t\t\t<\/a>\n\t\t<\/div>\n\t\t\t\t<\/div>\n\t\t\t\t<\/div>\n\t\t\t\t\t<\/div>\n\t\t<\/div>\n\t\t\t\t\t<\/div>\n\t\t<\/section>\n\t\t\t\t<\/div>","protected":false},"excerpt":{"rendered":"<p>#LOVE WALL Cindy Ces bijoux sont accroch\u00e9s \u00e0 moi depuis qu\u2019ils m\u2019ont \u00e9t\u00e9 offerts. J\u2019aime tellement ce que vous faites. Et ma fille porte le nom de votre marque gr\u00e2ce \u00e0 vous ! j\u2019\u00e9tais tomb\u00e9e sur cette \u00e9criture sur IG et j\u2019ai eu un flash. Donc \u00e7a signifie encore plus &lt;3. like Charlotte Merci \u00e0 [&hellip;]<\/p>","protected":false},"author":6339,"featured_media":0,"parent":0,"menu_order":0,"comment_status":"closed","ping_status":"closed","template":"elementor_header_footer","meta":{"_acf_changed":false,"footnotes":""},"class_list":["post-556","page","type-page","status-publish","hentry"],"acf":[],"_links":{"self":[{"href":"https:\/\/thea.marquedigitale.dev\/en_us\/wp-json\/wp\/v2\/pages\/556","targetHints":{"allow":["GET"]}}],"collection":[{"href":"https:\/\/thea.marquedigitale.dev\/en_us\/wp-json\/wp\/v2\/pages"}],"about":[{"href":"https:\/\/thea.marquedigitale.dev\/en_us\/wp-json\/wp\/v2\/types\/page"}],"author":[{"embeddable":true,"href":"https:\/\/thea.marquedigitale.dev\/en_us\/wp-json\/wp\/v2\/users\/6339"}],"replies":[{"embeddable":true,"href":"https:\/\/thea.marquedigitale.dev\/en_us\/wp-json\/wp\/v2\/comments?post=556"}],"version-history":[{"count":1,"href":"https:\/\/thea.marquedigitale.dev\/en_us\/wp-json\/wp\/v2\/pages\/556\/revisions"}],"predecessor-version":[{"id":17781,"href":"https:\/\/thea.marquedigitale.dev\/en_us\/wp-json\/wp\/v2\/pages\/556\/revisions\/17781"}],"wp:attachment":[{"href":"https:\/\/thea.marquedigitale.dev\/en_us\/wp-json\/wp\/v2\/media?parent=556"}],"curies":[{"name":"wp","href":"https:\/\/api.w.org\/{rel}","templated":true}]}}